{"id":287,"date":"2017-12-20T10:56:52","date_gmt":"2017-12-20T09:56:52","guid":{"rendered":"https:\/\/stefanschwegler.de\/\/?page_id=287"},"modified":"2020-07-09T15:01:22","modified_gmt":"2020-07-09T13:01:22","slug":"service","status":"publish","type":"page","link":"https:\/\/stefanschwegler.de\/index.php\/service\/","title":{"rendered":"Service"},"content":{"rendered":"\n<p>Alle Infos und Untermen\u00fcs finden Sie in der Men\u00fcleiste indem Sie mit der Maus dar\u00fcberfahren!!<\/p>\n\n\n\n<p><\/p>\n","protected":false},"excerpt":{"rendered":"<p>Alle Infos und Untermen\u00fcs finden Sie in der Men\u00fcleiste indem Sie mit der Maus dar\u00fcberfahren!!<\/p>\n","protected":false},"author":1,"featured_media":0,"parent":0,"menu_order":0,"comment_status":"closed","ping_status":"closed","template":"","meta":{"ngg_post_thumbnail":0,"footnotes":""},"class_list":["post-287","page","type-page","status-publish","hentry"],"_links":{"self":[{"href":"https:\/\/stefanschwegler.de\/index.php\/wp-json\/wp\/v2\/pages\/287","targetHints":{"allow":["GET"]}}],"collection":[{"href":"https:\/\/stefanschwegler.de\/index.php\/wp-json\/wp\/v2\/pages"}],"about":[{"href":"https:\/\/stefanschwegler.de\/index.php\/wp-json\/wp\/v2\/types\/page"}],"author":[{"embeddable":true,"href":"https:\/\/stefanschwegler.de\/index.php\/wp-json\/wp\/v2\/users\/1"}],"replies":[{"embeddable":true,"href":"https:\/\/stefanschwegler.de\/index.php\/wp-json\/wp\/v2\/comments?post=287"}],"version-history":[{"count":3,"href":"https:\/\/stefanschwegler.de\/index.php\/wp-json\/wp\/v2\/pages\/287\/revisions"}],"predecessor-version":[{"id":13117,"href":"https:\/\/stefanschwegler.de\/index.php\/wp-json\/wp\/v2\/pages\/287\/revisions\/13117"}],"wp:attachment":[{"href":"https:\/\/stefanschwegler.de\/index.php\/wp-json\/wp\/v2\/media?parent=287"}],"curies":[{"name":"wp","href":"https:\/\/api.w.org\/{rel}","templated":true}]}}