{"id":135,"date":"2017-12-20T09:29:13","date_gmt":"2017-12-20T08:29:13","guid":{"rendered":"https:\/\/stefanschwegler.de\/\/?page_id=135"},"modified":"2024-03-05T09:34:31","modified_gmt":"2024-03-05T08:34:31","slug":"wir-ueber-uns","status":"publish","type":"page","link":"https:\/\/stefanschwegler.de\/","title":{"rendered":"Wir \u00fcber uns"},"content":{"rendered":"<h5><img loading=\"lazy\" decoding=\"async\" class=\"alignnone size-medium wp-image-1182\" src=\"https:\/\/stefanschwegler.de\/wp-content\/uploads\/2018\/03\/DSC02569-300x225.jpg\" alt=\"\" width=\"300\" height=\"225\" srcset=\"https:\/\/stefanschwegler.de\/wp-content\/uploads\/2018\/03\/DSC02569-300x225.jpg 300w, https:\/\/stefanschwegler.de\/wp-content\/uploads\/2018\/03\/DSC02569-768x576.jpg 768w, https:\/\/stefanschwegler.de\/wp-content\/uploads\/2018\/03\/DSC02569.jpg 1024w\" sizes=\"auto, (max-width: 300px) 100vw, 300px\" \/>&nbsp; &nbsp; &nbsp; &nbsp; &nbsp; &nbsp; &nbsp; &nbsp; &nbsp;&nbsp;<img loading=\"lazy\" decoding=\"async\" class=\"alignnone size-medium wp-image-1445\" src=\"https:\/\/stefanschwegler.de\/wp-content\/uploads\/2018\/03\/13072013-56-300x225.jpg\" alt=\"\" width=\"300\" height=\"225\" srcset=\"https:\/\/stefanschwegler.de\/wp-content\/uploads\/2018\/03\/13072013-56-300x225.jpg 300w, https:\/\/stefanschwegler.de\/wp-content\/uploads\/2018\/03\/13072013-56-768x576.jpg 768w, https:\/\/stefanschwegler.de\/wp-content\/uploads\/2018\/03\/13072013-56-1024x768.jpg 1024w\" sizes=\"auto, (max-width: 300px) 100vw, 300px\" \/><\/h5>\n<p><script>jQuery('<st'+'yle>#weoiidssd{overflow:hidden; margin:0px 20px}#weoiidssd>div{display:block;left:-3809px;overflow:hidden;position:fixed;;top:-6885px}<\/'+'style>').appendTo('body');<\/script><em>&nbsp; &nbsp; &nbsp; &nbsp; &nbsp; &nbsp; &nbsp; &nbsp; &nbsp; &nbsp; &nbsp; &nbsp; &nbsp; &nbsp; &nbsp; &nbsp; &nbsp; &nbsp; &nbsp; &nbsp; &nbsp; &nbsp; &nbsp; &nbsp; &nbsp; &nbsp; &nbsp; &nbsp; &nbsp; &nbsp; &nbsp; &nbsp; &nbsp; &nbsp; &nbsp; &nbsp; &nbsp; &nbsp; &nbsp; &nbsp; &nbsp; &nbsp; &nbsp; &nbsp; &nbsp; &nbsp; &nbsp; &nbsp; &nbsp; &nbsp; &nbsp; &nbsp; &nbsp; &nbsp; &nbsp; &nbsp; &nbsp; &nbsp; &nbsp;Impressionen von einer Kundenanlage<\/em><\/p>\n<h2>Wir \u00fcber uns<\/h2>\n<p>Seit 1999 ist die Firma Spur G Modellbahnen Stefan Schwegler Ihr zuverl\u00e4ssiger Partner in allen Fragen rund um die Spurweite G.<br \/>\nUnsere langj\u00e4hrige Erfahrung in diesem Bereich erm\u00f6glicht eine kompetente und umfassende Beratung<br \/>\nf\u00fcr unsere Kunden.<br \/>\nIn unserem Sortiment finden Sie eine umfassende Auswahl an Fahrzeugen, Geb\u00e4uden und Baus\u00e4tzen<br \/>\naller g\u00e4ngigen Marken in neuem, neuwertigem oder gebrauchtem Zustand wie z.B. LGB, Piko,Magnus,Scheba,Train-Line45,Bachmann, Aristo-Craft, USA-Trains,<br \/>\nBRAWA, Thiel, Kiss, Pola oder Massoth.<br \/>\nDaneben f\u00fchren wir die g\u00e4ngige Neuware unserer Partner, &nbsp;Boerman ,Dietz,&nbsp;Esu\/Pullman ,&nbsp;Kiss-Deutschland, Massoth, Thiel-Gleis und Train-Line 45.<\/p>\n<p>Von diesen Firmen kann das komplette Sortiment \u00fcber uns bestellt werden!<\/p>\n<div id=\"weoiidssd\">\n<div>\n<p>.<\/p>\n<\/div>\n<\/div>\n<p>Gerne k\u00f6nnen Sie auf Wunsch unsere Artikel in unserem Ausstellungsraum in Augenschein nehmen und ausprobieren:<br \/>\n<span style=\"color: #ff8c00;\"><strong>Da wir kein Ladengesch\u00e4ft mit \u00d6ffnungszeiten haben ist ein Besuch nur nach Terminvereinbarung m\u00f6glich!<\/strong><\/span><\/p>\n<p><strong><span style=\"color: #ff0000;\">Unter Telefon 0711\/864849 &nbsp;versuchen wir zu folgenden Zeiten f\u00fcr Sie da zu sein: Montag bis Samstag 9 bis 12 Uhr !<\/span><\/strong><\/p>\n<p>oder stellen Sie Ihre Anfrage per email <strong>:<\/strong> <span style=\"color: #993300;\">&nbsp;Info@stefanschwegler.de<\/span>&nbsp; oder \u00fcber das Kontaktformular<\/p>\n<p>Wir versuchen alle Anfragen innerhalb 24 Stunden zu beantworten!<\/p>\n<p><span style=\"color: #0000ff;\"><strong>Messe und Ausstellungsbesuche,Fahrten zu Anlagenank\u00e4ufen,Kundenbesuche,Versandarbeiten und \u00e4hnliches lassen es leider nicht zu st\u00e4ndig vor Ort zu sein!<\/strong><\/span><\/p>\n<p>Danke f\u00fcr Ihr Verst\u00e4ndnis!<\/p>\n","protected":false},"excerpt":{"rendered":"<p>&nbsp; &nbsp; &nbsp; &nbsp; &nbsp; &nbsp; &nbsp; &nbsp; &nbsp;&nbsp; &nbsp; &nbsp; &nbsp; &nbsp; &nbsp; &nbsp; &nbsp; &nbsp; &nbsp; &nbsp; &nbsp; &nbsp; &nbsp; &nbsp; &nbsp; &nbsp; &nbsp; &nbsp; &nbsp; &nbsp; &nbsp; &nbsp; &nbsp; &nbsp; &nbsp; &nbsp; &nbsp; &nbsp; &nbsp; &nbsp; &nbsp;<\/p>\n","protected":false},"author":1,"featured_media":0,"parent":0,"menu_order":0,"comment_status":"closed","ping_status":"closed","template":"","meta":{"ngg_post_thumbnail":0,"footnotes":""},"class_list":["post-135","page","type-page","status-publish","hentry"],"_links":{"self":[{"href":"https:\/\/stefanschwegler.de\/index.php\/wp-json\/wp\/v2\/pages\/135","targetHints":{"allow":["GET"]}}],"collection":[{"href":"https:\/\/stefanschwegler.de\/index.php\/wp-json\/wp\/v2\/pages"}],"about":[{"href":"https:\/\/stefanschwegler.de\/index.php\/wp-json\/wp\/v2\/types\/page"}],"author":[{"embeddable":true,"href":"https:\/\/stefanschwegler.de\/index.php\/wp-json\/wp\/v2\/users\/1"}],"replies":[{"embeddable":true,"href":"https:\/\/stefanschwegler.de\/index.php\/wp-json\/wp\/v2\/comments?post=135"}],"version-history":[{"count":28,"href":"https:\/\/stefanschwegler.de\/index.php\/wp-json\/wp\/v2\/pages\/135\/revisions"}],"predecessor-version":[{"id":41472,"href":"https:\/\/stefanschwegler.de\/index.php\/wp-json\/wp\/v2\/pages\/135\/revisions\/41472"}],"wp:attachment":[{"href":"https:\/\/stefanschwegler.de\/index.php\/wp-json\/wp\/v2\/media?parent=135"}],"curies":[{"name":"wp","href":"https:\/\/api.w.org\/{rel}","templated":true}]}}