{"id":132,"date":"2017-12-20T09:28:36","date_gmt":"2017-12-20T08:28:36","guid":{"rendered":"https:\/\/stefanschwegler.de\/\/?page_id=132"},"modified":"2024-03-05T10:31:05","modified_gmt":"2024-03-05T09:31:05","slug":"neuware","status":"publish","type":"page","link":"https:\/\/stefanschwegler.de\/index.php\/neuware\/","title":{"rendered":"Neuware"},"content":{"rendered":"<h4><em>Unter den folgenden Links finden Sie das Sortiment unserer Partner!<\/em><\/h4>\n<p>Von diesem Firmen f\u00fchren wir das komplette zur Gartenbahn passende Sortiment.<\/p>\n<p>Alle lieferbaren Artikel bestellen wir gerne kurzfristig f\u00fcr Sie.F\u00fcr Neuheiten,Sondermodelle und R\u00fcckst\u00e4nde nehmen wir gerne ihre verbindliche Vorbestellung &nbsp;an!<\/p>\n<p>Aktuell ab Lager verf\u00fcgbare Artikel finden Sie in der Rubrik:<\/p>\n<h3>Gebrauchtware,Sammlerst\u00fccke und Lagerartikel<\/h3>\n<p>\u00dcber Preise und Lieferm\u00f6glichkeiten geben wir gerne Auskunft!!<\/p>\n<h3><strong><span style=\"color: #ff0000;\"><a style=\"color: #ff0000;\" href=\"http:\/\/www.d-i-e-t-z.de\">DIETZ MODELLBAHNTECHNIK<\/a><\/span><\/strong><\/h3>\n<p><em>Elektronik,Rollmaterial und Zubeh\u00f6r<\/em><\/p>\n<h3><strong><span style=\"color: #ff0000;\"><a style=\"color: #ff0000;\" href=\"http:\/\/www.esu.eu\/produkte\/pullman\/\">ESU-PULLMAN<\/a><\/span><\/strong><\/h3>\n<p><em>Elektronik und Fahrzeuge f\u00fcr SpurIIm\/G<\/em><\/p>\n<h3><strong><span style=\"color: #ff0000;\"><a style=\"color: #ff0000;\" href=\"http:\/\/www.kiss-modellbahnen.de\">KISS MODELLBAHNEN<\/a><\/span><\/strong><\/h3>\n<p><em>by Fine Models Fahrzeuge f\u00fcr Spur IIm\/G<\/em><\/p>\n<h3><strong><span style=\"color: #ff0000;\"><a style=\"color: #ff0000;\" href=\"http:\/\/www.massoth.de\">MASSOTH ELEKTRONIK<\/a><\/span><\/strong><\/h3>\n<p><em>Elektronik+Zubeh\u00f6r f\u00fcr Spur IIm\/G<\/em><\/p>\n<h3><a href=\"https:\/\/www.modelbouwboerman.nl\"><span style=\"color: #ff0000;\">MODELBOUW-BOERMAN<\/span><\/a><\/h3>\n<p>Fahrzeuge und Zubeh\u00f6r in SpurII und IIm\/G<\/p>\n<h3><strong><span style=\"color: #ff0000;\"><a style=\"color: #ff0000;\" href=\"http:\/\/www.prehm-modellbahn.de\">PREHM-FIGUREN<\/a><\/span><\/strong><\/h3>\n<p><em>Figuren+Zubeh\u00f6r f\u00fcr ihre Gartenbahn<\/em><\/p>\n<h3><strong><span style=\"color: #ff0000;\"><a style=\"color: #ff0000;\" href=\"http:\/\/www.thiel-gleis.de\">THIEL-GLEIS<\/a><\/span><\/strong><\/h3>\n<p>Gleise,Weichen und Zubeh\u00f6r f\u00fcr Spur IIm\/G<\/p>\n<h3><strong><span style=\"color: #ff0000;\"><a style=\"color: #ff0000;\" href=\"http:\/\/www.train-line45.de\">TRAIN-LINE45<\/a><\/span><\/strong><\/h3>\n<p><em>Fahrzeuge,Gleise+Zubeh\u00f6r f\u00fcr Spur IIm\/G<\/em><\/p>\n<p>&nbsp;<\/p>\n","protected":false},"excerpt":{"rendered":"<p>Unter den folgenden Links finden Sie das Sortiment unserer Partner! Von diesem Firmen f\u00fchren wir das komplette zur Gartenbahn passende Sortiment. Alle lieferbaren Artikel bestellen wir gerne kurzfristig f\u00fcr Sie.F\u00fcr Neuheiten,Sondermodelle und R\u00fcckst\u00e4nde nehmen wir gerne ihre verbindliche Vorbestellung &nbsp;an!<\/p>\n","protected":false},"author":1,"featured_media":0,"parent":0,"menu_order":0,"comment_status":"closed","ping_status":"closed","template":"","meta":{"ngg_post_thumbnail":0,"footnotes":""},"class_list":["post-132","page","type-page","status-publish","hentry"],"_links":{"self":[{"href":"https:\/\/stefanschwegler.de\/index.php\/wp-json\/wp\/v2\/pages\/132","targetHints":{"allow":["GET"]}}],"collection":[{"href":"https:\/\/stefanschwegler.de\/index.php\/wp-json\/wp\/v2\/pages"}],"about":[{"href":"https:\/\/stefanschwegler.de\/index.php\/wp-json\/wp\/v2\/types\/page"}],"author":[{"embeddable":true,"href":"https:\/\/stefanschwegler.de\/index.php\/wp-json\/wp\/v2\/users\/1"}],"replies":[{"embeddable":true,"href":"https:\/\/stefanschwegler.de\/index.php\/wp-json\/wp\/v2\/comments?post=132"}],"version-history":[{"count":40,"href":"https:\/\/stefanschwegler.de\/index.php\/wp-json\/wp\/v2\/pages\/132\/revisions"}],"predecessor-version":[{"id":41476,"href":"https:\/\/stefanschwegler.de\/index.php\/wp-json\/wp\/v2\/pages\/132\/revisions\/41476"}],"wp:attachment":[{"href":"https:\/\/stefanschwegler.de\/index.php\/wp-json\/wp\/v2\/media?parent=132"}],"curies":[{"name":"wp","href":"https:\/\/api.w.org\/{rel}","templated":true}]}}