{"id":129,"date":"2017-12-20T09:26:59","date_gmt":"2017-12-20T08:26:59","guid":{"rendered":"https:\/\/stefanschwegler.de\/\/?page_id=129"},"modified":"2022-03-27T10:43:46","modified_gmt":"2022-03-27T08:43:46","slug":"gebrauchtwaresammlerstuecke-und-lagerware","status":"publish","type":"page","link":"https:\/\/stefanschwegler.de\/index.php\/gebrauchtwaresammlerstuecke-und-lagerware\/","title":{"rendered":"Gebrauchtware, Sammlerst\u00fccke und  Lagerware"},"content":{"rendered":"<h3><span style=\"color: #800000;\">Gebrauchtware,Sammlerst\u00fccke und Lagerartikel<\/span><\/h3>\n<p><em><strong>Auf diesen Seiten finden sie einen Gro\u00dfteil unseres Sortiments an Sammlerst\u00fccken,gebrauchten Modellen und verf\u00fcgbarer Lagerware.Die Seiten werden regelm\u00e4\u00dfig aktualisiert,daher sind gelistete Artikel normalerweise auch verf\u00fcgbar! In unserer Werkstatt werden die Modelle auf Besch\u00e4digungen oder Fehlteile sichtgepr\u00fcft. S\u00e4mtliche Funktionen werden getestet,bei Bedarf werden die Modelle gereinigt,gefettet oder ge\u00f6lt. St\u00e4rker verschlissene Teile werden ersetzt,Dekoder neu programmiert. Auf Wunsch r\u00fcsten wir Loks auch mit Dekodern und Sound(Dietz,Massoth,u.a.)&nbsp;und Wagen mit Metallachsen und Beleuchtungen diverser Hersteller&nbsp;aus. Je nach Auftragseingang ist dies meist&nbsp;kurzfristig m\u00f6glich!<\/strong><\/em><\/p>\n<p><strong><span style=\"color: #800000;\">Wunschmodell nicht dabei?Schreiben Sie uns!Wir benachrichtigen Sie wenn der gesuchte Artikel bei uns im Sortiment eingetroffen ist!<\/span><\/strong><\/p>\n<p><strong><span style=\"color: #800000;\">Die Modelle stammen meist aus Sammlungs oder Anlagenaufl\u00f6sungen oder sind lagernde Neuware verschiedener Hersteller.<\/span><\/strong><\/p>\n<p><span style=\"color: #0000ff;\">Beachten Sie auch unser Sortiment an Neuware verschiedener Hersteller:<\/span><\/p>\n<h5><a href=\"https:\/\/stefanschwegler.de\/index.php\/neuware\/\">LINK zu den Herstellern die wir als Neuware f\u00fchren:<\/a><\/h5>\n<p><span style=\"color: #003300;\"><strong>Zustandsbeschreibungen auf die Sie sich verlassen k\u00f6nnen!<\/strong><\/span><\/p>\n<p><em><strong>Unsere langj\u00e4hrige Erfahrung erlaubt es objektive und zuverl\u00e4ssige Beschreibungen abzugeben.<\/strong><\/em><\/p>\n<p><em><strong>Bitte beachten Sie die vielen Angebote in Zustand 1 : NEU!<\/strong><\/em><\/p>\n<h3><em>Gerne geben wir Auskunft \u00fcber den genauen Zustand des Artikels und auf Wunsch senden wir Ihnen auch weitere aussagekr\u00e4ftige Bilder!<\/em><\/h3>\n<p><em><strong>&nbsp;Wir versuchen zu folgenden Zeiten per Telefon unter <a href=\"tel:0711\/864849\">0711\/864849<\/a>&nbsp; f\u00fcr Sie da zu sein:<\/strong><\/em><\/p>\n<p><span style=\"color: #ff0000;\"><em><strong>Montag-<\/strong><\/em><em><strong>Samstag von 9 bis 12 Uhr<\/strong><\/em><\/span><\/p>\n<h3><em>oder per Mail:Info@stefanschwegler.de<\/em><\/h3>\n<h3><em>oder nutzen sie das Kontaktformular!<\/em><\/h3>\n<p><em><span style=\"font-size: 14px;\"><span style=\"color: #f00;\">Bitte achten Sie dabei unbedingt darauf eine g\u00fcltige Emailadresse anzugeben!<\/span><\/span><\/em><\/p>\n<p><em><span style=\"font-size: 14px;\"><span style=\"color: #f00;\">Zus\u00e4tzlich mu\u00df&nbsp;Ihnen die Seite&nbsp;nach Senden des Formulars anzeigen:Danke f\u00fcr Ihre Nachricht!<\/span><\/span><\/em><\/p>\n<p><em><span style=\"font-size: 14px;\"><span style=\"color: #f00;\">Nur dann geht Ihre Anfrage auch bei uns ein!<\/span><\/span><\/em><\/p>\n<h2><em>Wir freuen uns auf Ihre Nachricht!<\/em><\/h2>\n","protected":false},"excerpt":{"rendered":"<p>Gebrauchtware,Sammlerst\u00fccke und Lagerartikel Auf diesen Seiten finden sie einen Gro\u00dfteil unseres Sortiments an Sammlerst\u00fccken,gebrauchten Modellen und verf\u00fcgbarer Lagerware.Die Seiten werden regelm\u00e4\u00dfig aktualisiert,daher sind gelistete Artikel normalerweise auch verf\u00fcgbar! In unserer Werkstatt werden die Modelle auf Besch\u00e4digungen oder Fehlteile sichtgepr\u00fcft. S\u00e4mtliche<\/p>\n","protected":false},"author":1,"featured_media":0,"parent":0,"menu_order":0,"comment_status":"closed","ping_status":"closed","template":"","meta":{"ngg_post_thumbnail":0,"footnotes":""},"class_list":["post-129","page","type-page","status-publish","hentry"],"_links":{"self":[{"href":"https:\/\/stefanschwegler.de\/index.php\/wp-json\/wp\/v2\/pages\/129","targetHints":{"allow":["GET"]}}],"collection":[{"href":"https:\/\/stefanschwegler.de\/index.php\/wp-json\/wp\/v2\/pages"}],"about":[{"href":"https:\/\/stefanschwegler.de\/index.php\/wp-json\/wp\/v2\/types\/page"}],"author":[{"embeddable":true,"href":"https:\/\/stefanschwegler.de\/index.php\/wp-json\/wp\/v2\/users\/1"}],"replies":[{"embeddable":true,"href":"https:\/\/stefanschwegler.de\/index.php\/wp-json\/wp\/v2\/comments?post=129"}],"version-history":[{"count":56,"href":"https:\/\/stefanschwegler.de\/index.php\/wp-json\/wp\/v2\/pages\/129\/revisions"}],"predecessor-version":[{"id":24850,"href":"https:\/\/stefanschwegler.de\/index.php\/wp-json\/wp\/v2\/pages\/129\/revisions\/24850"}],"wp:attachment":[{"href":"https:\/\/stefanschwegler.de\/index.php\/wp-json\/wp\/v2\/media?parent=129"}],"curies":[{"name":"wp","href":"https:\/\/api.w.org\/{rel}","templated":true}]}}