{"id":126,"date":"2017-12-20T09:26:18","date_gmt":"2017-12-20T08:26:18","guid":{"rendered":"https:\/\/stefanschwegler.de\/\/?page_id=126"},"modified":"2025-01-07T07:33:53","modified_gmt":"2025-01-07T06:33:53","slug":"reparaturen-und-digitalisierung","status":"publish","type":"page","link":"https:\/\/stefanschwegler.de\/index.php\/reparaturen-und-digitalisierung\/","title":{"rendered":"Reparaturen und Digitalisierung"},"content":{"rendered":"<h2><img loading=\"lazy\" decoding=\"async\" class=\"alignnone size-large wp-image-1262\" src=\"https:\/\/stefanschwegler.de\/wp-content\/uploads\/2018\/03\/DSCN6465-1024x768.jpg\" alt=\"\" width=\"710\" height=\"533\" srcset=\"https:\/\/stefanschwegler.de\/wp-content\/uploads\/2018\/03\/DSCN6465-1024x768.jpg 1024w, https:\/\/stefanschwegler.de\/wp-content\/uploads\/2018\/03\/DSCN6465-300x225.jpg 300w, https:\/\/stefanschwegler.de\/wp-content\/uploads\/2018\/03\/DSCN6465-768x576.jpg 768w, https:\/\/stefanschwegler.de\/wp-content\/uploads\/2018\/03\/DSCN6465.jpg 2048w\" sizes=\"auto, (max-width: 710px) 100vw, 710px\" \/><\/h2>\n<h2>Reparaturen und Digitalisierung<\/h2>\n<p>In unserer hauseigenen Werkstatt werden alle angekauften Modelle auf Funktion gepr\u00fcft und bei Bedarf repariert.<br \/>\nDar\u00fcber hinaus werden kleinere Reparaturen,wenn gen\u00fcgend Zeit daf\u00fcr ist, f\u00fcr<span style=\"color: #ff0000;\"> Stammkunden<\/span> durchgef\u00fchrt.Gr\u00f6\u00dfere Umbauten und Reparaturen werden meist an eine unserer Partnerwerkst\u00e4tten weitergegeben.<\/p>\n<p>Diese f\u00fchren fast alle Arten von Reparaturen und Umbauten durch z.B.Digitalisierung,Soundnachr\u00fcstung,Entkuppler,Beleuchtungen.Teilweise werden auch Lackierungen und Umbau auf Akku\/Funk angeboten.<br \/>\nF\u00fcr Reparaturen in unserem Haus f\u00fchren wir eine sehr gro\u00dfes Sortiment an Ersatzteilen und Komponenten das ausschlie\u00dflich Reparaturzwecken dient.<\/p>\n<p>Aufgrund des stark angestigenen Auftragseingangs k\u00f6nnen Reparaturauft\u00e4ge abgelehnt werden oder wir verweisen direkt auf eine unserer Partnerwerkst\u00e4tten die Sie gerne auch direkt kontaktieren k\u00f6nnen:Es handelt sich dabei ausschlie\u00dflich um sehr zuverl\u00e4ssige Fachwerkst\u00e4tten mit langj\u00e4hriger Erfahrung:<\/p>\n<p>&nbsp;<\/p>\n<p><span style=\"color: #ff6600;\">Leider steht aktuell nur noch eine Partnerwerkstatt zur Verf\u00fcgung!<\/span><\/p>\n<p><span style=\"color: #ff6600;\">Wir suchen dringend nach weiteren zuverl\u00e4ssigen und Kompetenten Werkst\u00e4tten im Gartenbahnbereich!<\/span><\/p>\n<p><span style=\"color: #0000ff;\"><a style=\"color: #0000ff;\" href=\"http:\/\/dietz-modellbahntechnik.de\">Dietz-Modellbahntechnik<\/a><\/span><\/p>\n<p>&nbsp;<\/p>\n","protected":false},"excerpt":{"rendered":"<p>Reparaturen und Digitalisierung In unserer hauseigenen Werkstatt werden alle angekauften Modelle auf Funktion gepr\u00fcft und bei Bedarf repariert. Dar\u00fcber hinaus werden kleinere Reparaturen,wenn gen\u00fcgend Zeit daf\u00fcr ist, f\u00fcr Stammkunden durchgef\u00fchrt.Gr\u00f6\u00dfere Umbauten und Reparaturen werden meist an eine unserer Partnerwerkst\u00e4tten weitergegeben.<\/p>\n","protected":false},"author":1,"featured_media":0,"parent":0,"menu_order":0,"comment_status":"closed","ping_status":"closed","template":"","meta":{"ngg_post_thumbnail":0,"footnotes":""},"class_list":["post-126","page","type-page","status-publish","hentry"],"_links":{"self":[{"href":"https:\/\/stefanschwegler.de\/index.php\/wp-json\/wp\/v2\/pages\/126","targetHints":{"allow":["GET"]}}],"collection":[{"href":"https:\/\/stefanschwegler.de\/index.php\/wp-json\/wp\/v2\/pages"}],"about":[{"href":"https:\/\/stefanschwegler.de\/index.php\/wp-json\/wp\/v2\/types\/page"}],"author":[{"embeddable":true,"href":"https:\/\/stefanschwegler.de\/index.php\/wp-json\/wp\/v2\/users\/1"}],"replies":[{"embeddable":true,"href":"https:\/\/stefanschwegler.de\/index.php\/wp-json\/wp\/v2\/comments?post=126"}],"version-history":[{"count":15,"href":"https:\/\/stefanschwegler.de\/index.php\/wp-json\/wp\/v2\/pages\/126\/revisions"}],"predecessor-version":[{"id":51077,"href":"https:\/\/stefanschwegler.de\/index.php\/wp-json\/wp\/v2\/pages\/126\/revisions\/51077"}],"wp:attachment":[{"href":"https:\/\/stefanschwegler.de\/index.php\/wp-json\/wp\/v2\/media?parent=126"}],"curies":[{"name":"wp","href":"https:\/\/api.w.org\/{rel}","templated":true}]}}