{"id":124,"date":"2017-12-20T09:25:36","date_gmt":"2017-12-20T08:25:36","guid":{"rendered":"https:\/\/stefanschwegler.de\/\/?page_id=124"},"modified":"2025-01-07T07:28:53","modified_gmt":"2025-01-07T06:28:53","slug":"an-und-verkauf","status":"publish","type":"page","link":"https:\/\/stefanschwegler.de\/index.php\/an-und-verkauf\/","title":{"rendered":"An- und Verkauf"},"content":{"rendered":"<p><img loading=\"lazy\" decoding=\"async\" class=\"alignnone size-large wp-image-1243\" src=\"https:\/\/stefanschwegler.de\/wp-content\/uploads\/2018\/03\/27-04-13-23-46-42-1024x682.jpg\" alt=\"\" width=\"710\" height=\"473\" srcset=\"https:\/\/stefanschwegler.de\/wp-content\/uploads\/2018\/03\/27-04-13-23-46-42-1024x682.jpg 1024w, https:\/\/stefanschwegler.de\/wp-content\/uploads\/2018\/03\/27-04-13-23-46-42-300x200.jpg 300w, https:\/\/stefanschwegler.de\/wp-content\/uploads\/2018\/03\/27-04-13-23-46-42-768x512.jpg 768w, https:\/\/stefanschwegler.de\/wp-content\/uploads\/2018\/03\/27-04-13-23-46-42.jpg 2000w\" sizes=\"auto, (max-width: 710px) 100vw, 710px\" \/><\/p>\n<p><em><strong>Ankauf:<\/strong><\/em><br \/>\nWir kaufen Einzelst\u00fccke, komplette Innen- und Au\u00dfenanlagen sowie ganze Sammlungen auf!<\/p>\n<p>Bevorzugt kaufen wir hochwertige Sammlungen und Anlagen,gerne auch in gr\u00f6\u00dferem Umfang.<\/p>\n<p>Gerne auch Handarbeits,Kleinserien oder Metallmodelle.<\/p>\n<p>Selbstverst\u00e4ndlich unterbreiten wir Ihnen im Vorfeld ein seri\u00f6ses Angebot und bauen Ihre Anlage auch ab.<br \/>\nUnser Service umfasst auch die Inzahlungnahme oder den Tausch Ihrer Artikel.<\/p>\n<p><span style=\"color: #ff0000;\">Wir kaufen nur Artikel der Baugr\u00f6\u00dfe G\/IIm Gartenbahn und passendes Zubeh\u00f6r!<\/span><\/p>\n<p><span style=\"color: #ff6600;\">Sie haben Modellbahnen in anderen Spurweiten zu verkaufen?Bitte sprechen Sie uns an!<\/span><\/p>\n<p><span style=\"color: #ff6600;\">Wir vermitteln gerne zu seri\u00f6sen Partnerfirmen auch in ihrer Region!<\/span><\/p>\n<p><strong>Verkauf:<\/strong><br \/>\nOb LGB, Bachmann, Aristo-Craft, USA-Trains, BRAWA, Thiel, Kiss, Pola oder Massoth &#8211;<br \/>\nWir f\u00fchren st\u00e4ndig ein umfangreiches Angebot&nbsp;an Gebrauchtware und Sammlerst\u00fccken!<\/p>\n<p>Ist das gesuchte Modell gerade nicht vorr\u00e4tig,dann schreiben Sie uns eine E-Mail.<\/p>\n<p>Wir bem\u00fchen uns wenn der Wunschartikel lieferbar ist Ihnen ein Angebot zu unterbreiten.<\/p>\n<p>Ein Teil des Sortiments unserer Partner ist als Neuware ab Lager erh\u00e4ltlich.<\/p>\n<p><em><strong>&#8211; Dietz-Elektronik<\/strong><\/em><\/p>\n<p><em><strong>&#8211; ESU-Pullman<\/strong><\/em><\/p>\n<p><em><strong>&#8211; Kiss-Modellbahnen<\/strong><\/em><\/p>\n<p><em><strong>&#8211; Massoth-Elektronik<\/strong><\/em><\/p>\n<p><em><strong>&#8211; Prehm-Figuren<\/strong><\/em><\/p>\n<p><em><strong>&#8211; Thiel-Gleis<\/strong><\/em><\/p>\n<p><em><strong>&#8211; Train-Line45<\/strong><\/em><\/p>\n<p>Besuch und Verkauf in unserem Ausstellungsraum nur nach vorheriger Anmeldung:<strong><br \/>\nTel: 0711\/864849<\/strong><\/p>\n<p><span style=\"color: #ff6600;\">ES SIND KEINE BESUCHE OHNE VORANMELDUNG M\u00d6GLICH!!<\/span><\/p>\n<p>Danke f\u00fcr ihr Verst\u00e4ndnis!!<\/p>\n<p>&nbsp;<\/p>\n<p>&nbsp;<\/p>\n<p><span style=\"color: #ff0000;\">Zu folgenden Telefonzeiten versuchen wir f\u00fcr Sie da zu sein:<\/span><\/p>\n<p><span style=\"color: #ff0000;\">Montag bis Samstag von 9 bis 12 Uhr!!!<\/span><\/p>\n<p>&nbsp;<\/p>\n<p>&nbsp;<\/p>\n<p>&nbsp;<\/p>\n<p>&nbsp;<\/p>\n","protected":false},"excerpt":{"rendered":"<p>Ankauf: Wir kaufen Einzelst\u00fccke, komplette Innen- und Au\u00dfenanlagen sowie ganze Sammlungen auf! Bevorzugt kaufen wir hochwertige Sammlungen und Anlagen,gerne auch in gr\u00f6\u00dferem Umfang. Gerne auch Handarbeits,Kleinserien oder Metallmodelle. Selbstverst\u00e4ndlich unterbreiten wir Ihnen im Vorfeld ein seri\u00f6ses Angebot und bauen Ihre<\/p>\n","protected":false},"author":1,"featured_media":0,"parent":0,"menu_order":0,"comment_status":"closed","ping_status":"closed","template":"","meta":{"ngg_post_thumbnail":0,"footnotes":""},"class_list":["post-124","page","type-page","status-publish","hentry"],"_links":{"self":[{"href":"https:\/\/stefanschwegler.de\/index.php\/wp-json\/wp\/v2\/pages\/124","targetHints":{"allow":["GET"]}}],"collection":[{"href":"https:\/\/stefanschwegler.de\/index.php\/wp-json\/wp\/v2\/pages"}],"about":[{"href":"https:\/\/stefanschwegler.de\/index.php\/wp-json\/wp\/v2\/types\/page"}],"author":[{"embeddable":true,"href":"https:\/\/stefanschwegler.de\/index.php\/wp-json\/wp\/v2\/users\/1"}],"replies":[{"embeddable":true,"href":"https:\/\/stefanschwegler.de\/index.php\/wp-json\/wp\/v2\/comments?post=124"}],"version-history":[{"count":21,"href":"https:\/\/stefanschwegler.de\/index.php\/wp-json\/wp\/v2\/pages\/124\/revisions"}],"predecessor-version":[{"id":51074,"href":"https:\/\/stefanschwegler.de\/index.php\/wp-json\/wp\/v2\/pages\/124\/revisions\/51074"}],"wp:attachment":[{"href":"https:\/\/stefanschwegler.de\/index.php\/wp-json\/wp\/v2\/media?parent=124"}],"curies":[{"name":"wp","href":"https:\/\/api.w.org\/{rel}","templated":true}]}}