{"id":121,"date":"2017-12-20T09:24:43","date_gmt":"2017-12-20T08:24:43","guid":{"rendered":"https:\/\/stefanschwegler.de\/\/?page_id=121"},"modified":"2024-10-06T12:46:09","modified_gmt":"2024-10-06T10:46:09","slug":"angebote","status":"publish","type":"page","link":"https:\/\/stefanschwegler.de\/index.php\/angebote\/","title":{"rendered":"Aktuelle Infos"},"content":{"rendered":"<p>&nbsp;<\/p>\n<p>Liebe Gartenbahnfreunde<\/p>\n<p>bald wird es Fr\u00fchling und als Gartenbahner kann man sich wieder dem sch\u00f6nen Hobby an der frischen Luft widmen.<\/p>\n<p>Viele Winterprojekte die in Bastelkeller und Werkstatt entstanden sind k\u00f6nnen nun pr\u00e4sentiert werden.<\/p>\n<p>Leider sind die aktuellen weltweiten Entwicklungen weiterhin nicht so erfreulich,daher m\u00fcssen auch wir uns &nbsp;st\u00e4ndig neu aufstellen .<\/p>\n<p>Auch die Gartenbahnbranche ist von den Lieferengp\u00e4ssen,Materialknappheit und unsicheren Energiepreisen betroffen.<\/p>\n<p>Aufgrund vieler Gr\u00fcnde &nbsp;werden wir auch dieses Jahr voraussichtlich an keinem Gartenbahntreffen teilnehmen.Ich war immer sehr gerne bei Clubs und Vereinen,Ausstellungen und Messen vor Ort und habe mich \u00fcber den direkten Austausch mit Kunden,Lieferanten und Kollegen gefreut.<\/p>\n<p>An manchen Veranstaltungen versuche ich zumindest als Besucher anwesend zu sein.<\/p>\n<p>Haupts\u00e4chlich tragen &nbsp;zeitliche Gr\u00fcnde &nbsp;dazu bei. Die stark gestiegenen Kosten f\u00fcr alles was mit einer Veranstaltung zusammenh\u00e4ngt(Standmiete,Anfahrt,\u00dcbernachtung,Verpflegung,Helfer,Versicherung,Transport und Diebstahlrisiko u.v.m&#8230;.)tragen aber genauso mit dazu bei!<\/p>\n<p>Wir bitten Sie dies zu beachten!<\/p>\n<p>Unsere sehr erfolgreiche Homepage wird daf\u00fcr weiterhin stets aktuell sein und st\u00e4ndig mit vielen neuen attraktiven Angeboten best\u00fcckt werden.<\/p>\n<p>Im moment sind schon wieder einige Anlagen und Sammlungen im Vorlauf,freuen Sie sich daher auf st\u00e4ndige Neuzug\u00e4nge.<\/p>\n<p>Besuche vor Ort sind weiterhin nach Voranmeldung per Telefon oder Mail meist m\u00f6glich.<\/p>\n<p>Wir bitten weiterhin zu beachten das Besuche ohne Voranmeldung nicht m\u00f6glich sind.Danke f\u00fcr ihr Verst\u00e4ndnis.<\/p>\n<p><span style=\"color: #ff0000;\">Um wirtschaftlich und effektiv arbeiten zu k\u00f6nnen sind die Telefonzeiten auf Montag-Samstag jeweils von 9 bis 12 Uhr begrenzt..<\/span><\/p>\n<p>Besuche sind auch au\u00dferhalb dieser Zeiten nach Terminabspache m\u00f6glich.<\/p>\n<p>Wir beantworten gerne ihre Fragen und geben Auskunft \u00fcber unser Sortiment. 2024<\/p>\n<p>Nun w\u00fcnsche ich uns allen eine friedliche und sch\u00f6ne Gartenbahnsaison 2024 mit vielen sch\u00f6nen Stunden mit dem gemeinsamen Hobby und bleiben Sie gesund,munter und zuversichtlich in dieser Zeit!<\/p>\n<p>&nbsp;<\/p>\n<p>Stutgart im M\u00e4rz 2024<\/p>\n<p>&nbsp;<\/p>\n<p>Stefan Schwegler<\/p>\n\n\n<figure class=\"wp-block-image size-large\"><img loading=\"lazy\" decoding=\"async\" width=\"1024\" height=\"768\" src=\"https:\/\/stefanschwegler.de\/wp-content\/uploads\/2021\/05\/IMG_20210430_182325-1024x768.jpg\" alt=\"\" class=\"wp-image-18659\" srcset=\"https:\/\/stefanschwegler.de\/wp-content\/uploads\/2021\/05\/IMG_20210430_182325-1024x768.jpg 1024w, https:\/\/stefanschwegler.de\/wp-content\/uploads\/2021\/05\/IMG_20210430_182325-300x225.jpg 300w, https:\/\/stefanschwegler.de\/wp-content\/uploads\/2021\/05\/IMG_20210430_182325-768x576.jpg 768w, https:\/\/stefanschwegler.de\/wp-content\/uploads\/2021\/05\/IMG_20210430_182325-1536x1152.jpg 1536w, https:\/\/stefanschwegler.de\/wp-content\/uploads\/2021\/05\/IMG_20210430_182325-2048x1537.jpg 2048w\" sizes=\"auto, (max-width: 1024px) 100vw, 1024px\" \/><figcaption class=\"wp-element-caption\">sdr<\/figcaption><\/figure>\n","protected":false},"excerpt":{"rendered":"<p>&nbsp; Liebe Gartenbahnfreunde bald wird es Fr\u00fchling und als Gartenbahner kann man sich wieder dem sch\u00f6nen Hobby an der frischen Luft widmen. Viele Winterprojekte die in Bastelkeller und Werkstatt entstanden sind k\u00f6nnen nun pr\u00e4sentiert werden. Leider sind die aktuellen weltweiten<\/p>\n","protected":false},"author":1,"featured_media":0,"parent":0,"menu_order":0,"comment_status":"closed","ping_status":"closed","template":"","meta":{"ngg_post_thumbnail":0,"footnotes":""},"class_list":["post-121","page","type-page","status-publish","hentry"],"_links":{"self":[{"href":"https:\/\/stefanschwegler.de\/index.php\/wp-json\/wp\/v2\/pages\/121","targetHints":{"allow":["GET"]}}],"collection":[{"href":"https:\/\/stefanschwegler.de\/index.php\/wp-json\/wp\/v2\/pages"}],"about":[{"href":"https:\/\/stefanschwegler.de\/index.php\/wp-json\/wp\/v2\/types\/page"}],"author":[{"embeddable":true,"href":"https:\/\/stefanschwegler.de\/index.php\/wp-json\/wp\/v2\/users\/1"}],"replies":[{"embeddable":true,"href":"https:\/\/stefanschwegler.de\/index.php\/wp-json\/wp\/v2\/comments?post=121"}],"version-history":[{"count":45,"href":"https:\/\/stefanschwegler.de\/index.php\/wp-json\/wp\/v2\/pages\/121\/revisions"}],"predecessor-version":[{"id":47687,"href":"https:\/\/stefanschwegler.de\/index.php\/wp-json\/wp\/v2\/pages\/121\/revisions\/47687"}],"wp:attachment":[{"href":"https:\/\/stefanschwegler.de\/index.php\/wp-json\/wp\/v2\/media?parent=121"}],"curies":[{"name":"wp","href":"https:\/\/api.w.org\/{rel}","templated":true}]}}