{"id":108,"date":"2017-12-20T09:18:04","date_gmt":"2017-12-20T08:18:04","guid":{"rendered":"https:\/\/stefanschwegler.de\/\/?page_id=108"},"modified":"2018-04-04T08:06:14","modified_gmt":"2018-04-04T06:06:14","slug":"widerruf","status":"publish","type":"page","link":"https:\/\/stefanschwegler.de\/index.php\/widerruf\/","title":{"rendered":"Widerruf\/Batterieentsorgung"},"content":{"rendered":"<p>Widerrufsbelehrung bei au\u00dferhalb von unseren Gesch\u00e4ftsr\u00e4umen geschlossenen<br \/>\nVertr\u00e4gen und bei Fernabsatzvertr\u00e4gen<\/p>\n<p><strong>Widerrufsbelehrung:<\/strong><\/p>\n<p>Widerrufsrecht:<br \/>\nSie haben das Recht, binnen vierzehn Tagen ohne Angabe von Gr\u00fcnden diesen Vertrag zu widerrufen. Die Widerrufsfrist betr\u00e4gt vierzehn Tage ab dem Tag, an dem Sie oder<br \/>\nein von Ihnen benannter Dritter, der nicht der Bef\u00f6rderer ist, die letzte Ware in Besitz genommen haben bzw. hat.<br \/>\nUm Ihr Widerrufsrecht auszu\u00fcben, m\u00fcssen Sie uns:<\/p>\n<p><strong>Firma<br \/>\nSPUR G MODELLBAHNEN<br \/>\nSTEFAN SCHWEGLER<br \/>\nK\u00d6STLINSTRASSE 119<br \/>\nD-70499 STUTTGART-WEILIMDORF<br \/>\nInfo@stefanschwegler.de<\/strong><\/p>\n<p>mittels einer eindeutigen Erkl\u00e4rung (z.B. ein mit der Post versandter Brief, Telefax oder E-Mail) \u00fcber Ihren Entschluss, diesen Vertrag zu widerrufen,informieren. Sie k\u00f6nnen daf\u00fcr das auf unserer Webseite:www.gebrauchte-gartenbahn.de vorhandene Muster-Widerrufsformular verwenden, das jedoch nicht vorgeschrieben ist. Zur Wahrung der Widerrufsfrist reicht es aus, dass Sie die Mitteilung \u00fcber die Aus\u00fcbung des Widerrufsrechts vor Ablauf der Widerrufsfrist absenden.<\/p>\n<p>Folgen des Widerrufs<br \/>\nWenn Sie diesen Vertrag widerrufen, haben wir Ihnen alle Zahlungen, die wir von Ihnen erhalten haben, einschliesslich der Lieferkosten (mit Ausnahme der zus\u00e4tzlichen Kosten, die sich daraus ergeben, dass Sie eine andere Art der Lieferung als die von uns angebotene, g\u00fcnstigste Standardlieferung gew\u00e4hlt haben), unverz\u00fcglich und sp\u00e4testens binnen vierzehn Tagen ab dem Tag zur\u00fcckzuzahlen, an dem die Mitteilung \u00fcber Ihren Widerruf dieses Vertrags bei uns eingegangen ist. F\u00fcr diese R\u00fcckzahlung verwenden wir dasselbe Zahlungsmittel, das Sie bei der urspr\u00fcnglichen Transaktion eingesetzt haben, es sei denn, mit Ihnen wurde ausdr\u00fccklich etwas anderes vereinbart; in keinem Fall werden Ihnen wegen dieser R\u00fcckzahlung Entgelte berechnet.Wir k\u00f6nnen die R\u00fcckzahlung verweigern,bis wir die Waren wieder zur\u00fcckerhalten haben oder bis Sie den Nachweis erbracht haben, dass Sie die Waren zur\u00fcckgesandt haben, je nachdem, welches der fr\u00fchere Zeitpunkt ist.<br \/>\nSie haben die Waren unverz\u00fcglich und in jedem Fall sp\u00e4testens binnen vierzehn Tagen ab dem Tag, an dem Sie uns \u00fcber den Widerruf dieses Vertrags unterrichten, an uns zur\u00fcckzusenden oder zu \u00fcbergeben.<br \/>\nDie Frist ist gewahrt, wenn Sie die Waren vor Ablauf der Frist von vierzehn Tagen absenden.<br \/>\nSie tragen die unmittelbaren Kosten der R\u00fccksendung der Waren. Die Kosten werden auf h\u00f6chstens etwa 40 EUR gesch\u00e4tzt.<br \/>\nSie m\u00fcssen f\u00fcr einen etwaigen Wertverlust der Waren nur aufkommen, wenn dieser Wertverlust auf einen zur Pr\u00fcfung der Beschaffenheit, Eigenschaften und Funktionsweise der Waren nicht notwendigen Umgang mit ihnen zur\u00fcckzuf\u00fchren ist.<\/p>\n<p>Ende der Widerufsbelehrung<\/p>\n<p>Wenn Sie den Vertrag widerrufen wollen, dann f\u00fcllen Sie bitte dieses Formular aus und senden Sie es zur\u00fcck.<\/p>\n<p>An:<\/p>\n<p><strong>Firma<\/strong><\/p>\n<p>SPUR G MODELLBAHNEN<br \/>\nSTEFAN SCHWEGLER<br \/>\nK\u00d6STLINSTRASSE 119<br \/>\nD-70499 STUTTGART-WEILIMDORF<br \/>\nInfo@stefanschwegler.de<\/p>\n<p><a href=\"http:\/\/www.stefanschwegler.de\/widerruf.pdf\">Download Widerruf-Formular<\/a><\/p>\n<p><strong>Hinweis zum Batteriegesetz:<\/strong><\/p>\n<p>Hinweis gem\u00e4\u00df der Verordnung \u00fcber die R\u00fccknahme und Entsorgung von Batterien und Akkumulatoren Im Lieferumfang einiger unserer Produkte k\u00f6nnen sich Batterien befinden. Auch k\u00f6nnen in den Ger\u00e4ten selbst Batterien oder Akkus fest eingebaut sein. Im Zusammenhang mit dem Vertrieb dieser Batterien oder Akkus sind wir als H\u00e4ndler gem\u00e4\u00df Batterieverordnung verpflichtet, sie als Endverbraucher \u00fcber folgendes zu informieren: Ihre Verpflichtung als Endverbraucher Die Entsorgung von Batterien \u00fcber den Hausm\u00fcll ist ausdr\u00fccklich verboten. Gem\u00e4\u00df \u00a7 7 BattV sind Sie als Endverbraucher zur R\u00fcckgabe an einen Vertreiber oder an eine von den \u00f6ffentlich-rechtlichen Entsorgungstr\u00e4gern daf\u00fcr eingerichteten R\u00fccknahmestellen (kommunale Sammelstelle) verpflichtet. Sie k\u00f6nnen Batterien per Post an uns zur\u00fccksenden, oder in haushalts\u00fcblichen Mengen in Kommunalen Sammelstellen oder im Handel vor Ort unentgeltlich zur\u00fcckgeben. Unsere Verpflichtung als H\u00e4ndler Wir sind gesetzlich dazu verpflichtet, Batterien der Art, wie wir sie in unserem Sortiment f\u00fchren oder gef\u00fchrt haben, in haushalts\u00fcblichen Mengen zur\u00fcckzunehmen. Sie k\u00f6nnen von daher solche Batterien nach Gebrauch unter unten stehender Adresse per Post an uns zur\u00fccksenden oder an einer offiziellen Sammelstelle in Ihrer N\u00e4he zur\u00fcckgeben. Gerne sind wir Ihnen bei der Suche nach einer solchen Sammelstelle behilflich. Was bedeuten die Symbole auf den Batterien, Akkus oder Produkten? Batterien, die Schadstoffe enthalten, sind mit dem Symbol einer durchgestrichenen M\u00fclltonne gekennzeichnet. Unter diesem M\u00fclltonnen-Symbol befindet sich die chemische Bezeichnung des Schadstoffes, &#8222;Cd&#8220; f\u00fcr Cadmium, &#8222;Pb&#8220; f\u00fcr Blei oder &#8222;Hg&#8220; f\u00fcr Quecksilber. Zur weiteren Kl\u00e4rung Ihrer Fragen bez\u00fcglich der ordnungsgem\u00e4\u00dfen Entsorgung setzen Sie sich bitte mit uns in Verbindung:<\/p>\n<p>SPUR G MODELLBAHNEN<br \/>\nSTEFAN SCHWEGLER<br \/>\nK\u00d6STLINSTRASSE 119<br \/>\nD-70499 STUTTGART-WEILIMDORF<br \/>\nInfo@stefanschwegler.de<\/p>\n","protected":false},"excerpt":{"rendered":"<p>Widerrufsbelehrung bei au\u00dferhalb von unseren Gesch\u00e4ftsr\u00e4umen geschlossenen Vertr\u00e4gen und bei Fernabsatzvertr\u00e4gen Widerrufsbelehrung: Widerrufsrecht: Sie haben das Recht, binnen vierzehn Tagen ohne Angabe von Gr\u00fcnden diesen Vertrag zu widerrufen. Die Widerrufsfrist betr\u00e4gt vierzehn Tage ab dem Tag, an dem Sie oder<\/p>\n","protected":false},"author":1,"featured_media":0,"parent":0,"menu_order":0,"comment_status":"closed","ping_status":"closed","template":"","meta":{"ngg_post_thumbnail":0,"footnotes":""},"class_list":["post-108","page","type-page","status-publish","hentry"],"_links":{"self":[{"href":"https:\/\/stefanschwegler.de\/index.php\/wp-json\/wp\/v2\/pages\/108","targetHints":{"allow":["GET"]}}],"collection":[{"href":"https:\/\/stefanschwegler.de\/index.php\/wp-json\/wp\/v2\/pages"}],"about":[{"href":"https:\/\/stefanschwegler.de\/index.php\/wp-json\/wp\/v2\/types\/page"}],"author":[{"embeddable":true,"href":"https:\/\/stefanschwegler.de\/index.php\/wp-json\/wp\/v2\/users\/1"}],"replies":[{"embeddable":true,"href":"https:\/\/stefanschwegler.de\/index.php\/wp-json\/wp\/v2\/comments?post=108"}],"version-history":[{"count":8,"href":"https:\/\/stefanschwegler.de\/index.php\/wp-json\/wp\/v2\/pages\/108\/revisions"}],"predecessor-version":[{"id":9104,"href":"https:\/\/stefanschwegler.de\/index.php\/wp-json\/wp\/v2\/pages\/108\/revisions\/9104"}],"wp:attachment":[{"href":"https:\/\/stefanschwegler.de\/index.php\/wp-json\/wp\/v2\/media?parent=108"}],"curies":[{"name":"wp","href":"https:\/\/api.w.org\/{rel}","templated":true}]}}