{"id":105,"date":"2017-12-20T09:16:51","date_gmt":"2017-12-20T08:16:51","guid":{"rendered":"https:\/\/stefanschwegler.de\/\/?page_id=105"},"modified":"2025-01-07T07:23:57","modified_gmt":"2025-01-07T06:23:57","slug":"bestellung-und-versand","status":"publish","type":"page","link":"https:\/\/stefanschwegler.de\/index.php\/bestellung-und-versand\/","title":{"rendered":"Bestellung und  Versand"},"content":{"rendered":"<h2>Sie m\u00f6chten Artikel aus unserem Sortiment bestellen?<\/h2>\n<p><strong>Dazu gen\u00fcgt eine Mail an unsere Mailadresse Info(at)stefanschwegler.de<\/strong><\/p>\n<p><strong>oder nutzen Sie das Kontaktformular<\/strong><\/p>\n<p><strong>Wir versuchen alle Anfragen und Bestellungen innerhalb von 24 Stunden zu beantworten!<\/strong><\/p>\n<p><strong>Um alles schnell und reibungslos bearbeiten zu k\u00f6nnen bitten wir folgendes zu beachten:<\/strong><\/p>\n<h2><strong><span style=\"font-size: 16px;\"><span style=\"color: #f00;\">Der Mindestbestellwert betr\u00e4gt 50\u20ac Euro!!!<\/span><\/span><\/strong><\/h2>\n<p><span style=\"color: #ff0000;\">Dieser mu\u00df ausdr\u00fccklich beachtet werden,es gibt keine Ausnahmen,Danke f\u00fcr ihr Verst\u00e4ndnis!!<\/span><\/p>\n<p><span style=\"color: #ff6600;\">Preisverhandlungen werden nicht gef\u00fchrt,Anfragen nach &#8222;letztem Preis&#8220; und \u00e4hnliches bleiben unbeantwortet!!<\/span><\/p>\n<p><span style=\"color: #ff0000;\">Bitte auf Anfragen zu verzichten wenn Ihnen unser Angebotspreis nicht zusagt!!<\/span><\/p>\n<p>F\u00fcr Stammkunden sind kurzzeitige Reservierungen m\u00f6glich.Da die Zuverl\u00e4ssigkeit der Kunden teilweise sehr stark abgenommen hat ist dies auch nur bei sicherer Kaufzusage m\u00f6glich!<\/p>\n<p><strong>Bei Fragen erreichen Sie uns telefonisch unter 0711\/864849:<\/strong><\/p>\n<p><span style=\"color: #ff0000;\">TELEFONZEITEN : Montag bis Samstag von 9 bis 12 Uhr !!!<\/span><\/p>\n<p><span style=\"color: #000080;\">Aufgrund des extrem hohen Auftragseingangs ist das Telefon teilweise auch nicht besetzt.Bitte daher Anfragen bevorzugt per Mail zu stellen und vorab &nbsp;zu pr\u00fcfen ob ihre Frage nicht auf der Homepage beantwortet wird!<\/span><\/p>\n<p><strong>F\u00fcr Stammkunden ist es auch m\u00f6glich telefonisch zu bestellen!<\/strong><\/p>\n<p><span style=\"color: #000080;\">Bitte geben Sie doch gleich die entsprechende Rechnungs\/Lieferadresse mit an!<\/span><\/p>\n<p><strong>Sie erhalten dann eine Rechnung \u00fcber den Gesamtbetrag.<\/strong><\/p>\n<p><strong>Der Versand erfolgt dann zeitnah nach Zahlungseingang per DHL mit Sendungsverfolgung<\/strong><\/p>\n<p><strong>F\u00fcr weitere Fragen stehen wir gerne zur Verf\u00fcgung!<\/strong><\/p>\n<p><span style=\"color: #000080;\">Sie m\u00f6chten ihre Artikel abholen?Da wir kein Gesch\u00e4ft mit Laden\u00f6ffnungszeiten haben bitten wir um Terminvereinbarung per Mail oder Telefon!<\/span><\/p>\n<p><span style=\"color: #ff0000;\">Besuche OHNE Termin sind grunds\u00e4tzlich NICHT m\u00f6glich!!!<\/span><\/p>\n<p>Zustandsbeschreibungen:<\/p>\n<p><strong>1= NEU,v\u00f6llig unbespielt!<\/strong><\/p>\n<p><strong>2= neuwertig,minimal gelaufen<\/strong><\/p>\n<p><strong>3=gebraucht,mit Gebrauchsspuren<\/strong><\/p>\n<p><strong>4=stark gebraucht<\/strong><\/p>\n<p><strong>5=besch\u00e4digt<\/strong><\/p>\n<p><strong>6=Basterlteil\/Schrott<\/strong><\/p>\n<p>Auszug aus unseren Versandbedingungen<\/p>\n<p>4. Preise, Versandkosten<br>Alle Preise sind Endpreise, sie enthalten die gesetzliche Mehrwertsteuer.Bei Gebrauchtware erfolgt der Verkauf nach \u00a725a UstG,dadurch ist die MwSt. nicht ausweisbar!<\/p>\n<h2><strong><span style=\"font-size: 16px;\"><span style=\"color: #f00;\">Der Mindestbestellwert betr\u00e4gt 50\u20ac Euro!!!<\/span><\/span><\/strong><\/h2>\n<p><span style=\"color: #ff0000;\">Dieser mu\u00df ausdr\u00fccklich beachtet werden,es gibt keine Ausnahmen,Danke f\u00fcr ihr Verst\u00e4ndnis!!<\/span><\/p>\n<p>Leider ist nur so ein wirtschaftlicher Versand m\u00f6glich!<\/p>\n<p><span style=\"color: #ff6600;\">Preisverhandlungen werden nicht gef\u00fchrt,Anfragen nach &#8222;letztem Preis&#8220; und \u00e4hnliches bleiben unbeantwortet!!<\/span><\/p>\n<p>&nbsp;<\/p>\n<p><strong>Wir versenden <span style=\"color: #ff0000;\">innerhalb der EU<\/span>.Lieferungen au\u00dferhalb der EU sind leider nicht mehr m\u00f6glich!<\/strong><\/p>\n<p style=\"margin-bottom: 0cm;\">Wir sind immer bem\u00fcht, unsere Versandkosten so gering wie m\u00f6glich zu halten. Sie richten sich nach Gr\u00f6\u00dfe und Gewicht der bestellten Artikel.<\/p>\n<p style=\"margin-bottom: 0cm;\">Der Versand erfolgt ausschliesslich per DHL. In Deutschland betragen die Versandkosten<span style=\"color: #ff0000;\">&nbsp;7 Euro<\/span>. Ab einem Bestellwert von <span style=\"color: #ff0000;\">500 Euro <\/span>erfolgt der Versand in Deutschland versandkostenfrei!<\/p>\n<p style=\"margin-bottom: 0cm;\">Die Berechnung der Versandkosten f\u00fcr EU-Versand erfolgen nach den tats\u00e4chlichen Kosten zum Zielort. Versand erfolgt nach den jeweiligen aktuellen Konditionen von DHL. Diese k\u00f6nnen bei uns gesondert erfragt werden oder auf der Homepage von DHL eingesehen werden.<\/p>\n<p style=\"margin-bottom: 0cm;\"><strong>ACHTUNG:Auch ein Versand in die Schweiz ist nicht mehr m\u00f6glich.Keine Ausnahmen!!!<\/strong><\/p>\n\n\n<p><\/p>\n","protected":false},"excerpt":{"rendered":"<p>Sie m\u00f6chten Artikel aus unserem Sortiment bestellen? Dazu gen\u00fcgt eine Mail an unsere Mailadresse Info(at)stefanschwegler.de oder nutzen Sie das Kontaktformular Wir versuchen alle Anfragen und Bestellungen innerhalb von 24 Stunden zu beantworten! Um alles schnell und reibungslos bearbeiten zu k\u00f6nnen<\/p>\n","protected":false},"author":1,"featured_media":0,"parent":0,"menu_order":0,"comment_status":"closed","ping_status":"closed","template":"","meta":{"ngg_post_thumbnail":0,"footnotes":""},"class_list":["post-105","page","type-page","status-publish","hentry"],"_links":{"self":[{"href":"https:\/\/stefanschwegler.de\/index.php\/wp-json\/wp\/v2\/pages\/105","targetHints":{"allow":["GET"]}}],"collection":[{"href":"https:\/\/stefanschwegler.de\/index.php\/wp-json\/wp\/v2\/pages"}],"about":[{"href":"https:\/\/stefanschwegler.de\/index.php\/wp-json\/wp\/v2\/types\/page"}],"author":[{"embeddable":true,"href":"https:\/\/stefanschwegler.de\/index.php\/wp-json\/wp\/v2\/users\/1"}],"replies":[{"embeddable":true,"href":"https:\/\/stefanschwegler.de\/index.php\/wp-json\/wp\/v2\/comments?post=105"}],"version-history":[{"count":47,"href":"https:\/\/stefanschwegler.de\/index.php\/wp-json\/wp\/v2\/pages\/105\/revisions"}],"predecessor-version":[{"id":51071,"href":"https:\/\/stefanschwegler.de\/index.php\/wp-json\/wp\/v2\/pages\/105\/revisions\/51071"}],"wp:attachment":[{"href":"https:\/\/stefanschwegler.de\/index.php\/wp-json\/wp\/v2\/media?parent=105"}],"curies":[{"name":"wp","href":"https:\/\/api.w.org\/{rel}","templated":true}]}}